{"id":5414,"date":"2020-01-28T14:33:19","date_gmt":"2020-01-28T14:33:19","guid":{"rendered":"https:\/\/www.myozen.ca\/programes-specialises\/"},"modified":"2026-04-16T16:10:22","modified_gmt":"2026-04-16T20:10:22","slug":"healthy-program","status":"publish","type":"page","link":"https:\/\/www.myozen.ca\/en\/healthy-program\/","title":{"rendered":"Healthy Program"},"content":{"rendered":"\n<div style=\"margin-bottom:13%\" class=\"wp-block-genesis-blocks-gb-container service_row_1 gb-block-container alignfull\"><div class=\"gb-container-inside\"><div class=\"gb-container-content\">\n<div class=\"wp-block-cover is-light full_height_banner\" style=\"min-height:693px;aspect-ratio:unset;\"><img loading=\"lazy\" decoding=\"async\" width=\"2560\" height=\"1713\" class=\"wp-block-cover__image-background wp-image-752\" alt=\"Massage\" src=\"https:\/\/www.myozen.ca\/wp-content\/uploads\/2020\/01\/MYOZEN-IMG-27-scaled.jpg\" data-object-fit=\"cover\" srcset=\"https:\/\/www.myozen.ca\/wp-content\/uploads\/2020\/01\/MYOZEN-IMG-27-scaled.jpg 2560w, https:\/\/www.myozen.ca\/wp-content\/uploads\/2020\/01\/MYOZEN-IMG-27-scaled-655x438.jpg 655w, https:\/\/www.myozen.ca\/wp-content\/uploads\/2020\/01\/MYOZEN-IMG-27-300x201.jpg 300w, https:\/\/www.myozen.ca\/wp-content\/uploads\/2020\/01\/MYOZEN-IMG-27-1024x685.jpg 1024w, https:\/\/www.myozen.ca\/wp-content\/uploads\/2020\/01\/MYOZEN-IMG-27-768x514.jpg 768w, https:\/\/www.myozen.ca\/wp-content\/uploads\/2020\/01\/MYOZEN-IMG-27-1536x1028.jpg 1536w, https:\/\/www.myozen.ca\/wp-content\/uploads\/2020\/01\/MYOZEN-IMG-27-2048x1370.jpg 2048w, https:\/\/www.myozen.ca\/wp-content\/uploads\/2020\/01\/MYOZEN-IMG-27-scaled-600x401.jpg 600w, https:\/\/www.myozen.ca\/wp-content\/uploads\/2020\/01\/MYOZEN-IMG-27-scaled-500x335.jpg 500w\" sizes=\"auto, (max-width: 2560px) 100vw, 2560px\" \/><span aria-hidden=\"true\" class=\"wp-block-cover__background has-background-dim-0 has-background-dim\"><\/span><div class=\"wp-block-cover__inner-container is-layout-flow wp-block-cover-is-layout-flow\">\n<h1 class=\"wp-block-heading has-text-align-center text_500 text_white\">  Healthy Program <\/h1>\n<\/div><\/div>\n<\/div><\/div><\/div>\n\n\n\n<div style=\"padding-left:7%;padding-right:7%\" class=\"wp-block-genesis-blocks-gb-container services_pages service_row_2 gb-block-container alignfull\"><div class=\"gb-container-inside\"><div class=\"gb-container-content\" style=\"max-width:1330px\">\n<div class=\"wp-block-columns is-layout-flex wp-container-core-columns-is-layout-9d6595d7 wp-block-columns-is-layout-flex\">\n<div class=\"wp-block-column is-layout-flow wp-block-column-is-layout-flow\" style=\"flex-basis:33.33%\">\n<figure class=\"wp-block-image size-large\"><img loading=\"lazy\" decoding=\"async\" width=\"697\" height=\"847\" src=\"https:\/\/www.myozen.ca\/wp-content\/uploads\/2020\/01\/MYOZEN-IMG-18.jpg\" alt=\"Healthy Program\" class=\"wp-image-1449\" srcset=\"https:\/\/www.myozen.ca\/wp-content\/uploads\/2020\/01\/MYOZEN-IMG-18.jpg 697w, https:\/\/www.myozen.ca\/wp-content\/uploads\/2020\/01\/MYOZEN-IMG-18-655x796.jpg 655w, https:\/\/www.myozen.ca\/wp-content\/uploads\/2020\/01\/MYOZEN-IMG-18-247x300.jpg 247w, https:\/\/www.myozen.ca\/wp-content\/uploads\/2020\/01\/MYOZEN-IMG-18-500x608.jpg 500w, https:\/\/www.myozen.ca\/wp-content\/uploads\/2020\/01\/MYOZEN-IMG-18-600x729.jpg 600w\" sizes=\"auto, (max-width: 697px) 100vw, 697px\" \/><\/figure>\n<\/div>\n\n\n\n<div class=\"wp-block-column column_left is-layout-flow wp-block-column-is-layout-flow\" style=\"flex-basis:66.66%\">\n<div class=\"wp-block-genesis-blocks-gb-container container gb-block-container\"><div class=\"gb-container-inside\"><div class=\"gb-container-content\">\n<h2 class=\"wp-block-heading text_blue\">  Healthy Program  <\/h2>\n\n\n\n<p> You want to take care of your health here are the healthy lifestyle programs we offer. <\/p>\n<\/div><\/div><\/div>\n<\/div>\n<\/div>\n<\/div><\/div><\/div>\n\n\n\n<div style=\"background-color:#e9e9e9;padding-left:7%;padding-right:7%;padding-bottom:3%;padding-top:8.5%;margin-bottom:10%\" class=\"wp-block-genesis-blocks-gb-container service_row_3 gb-block-container alignfull\"><div class=\"gb-container-inside\"><div class=\"gb-container-content\" style=\"max-width:1330px\">\n<p style=\"font-size: 34px !important; font-weight: 500 !important; margin-bottom:40px !important;\" class=\"has-text-align-center text_blue\">Here are the healthy lifestyle programs we offer.<\/p>\n\n\n\n<div class=\"wp-block-genesis-blocks-gb-container gb-block-container\"><div class=\"gb-container-inside\"><div class=\"gb-container-content\">\n<p style=\"text-align: center\"><a href=\"https:\/\/detoxcompletede30jours.com\/\" class=\"link1 gold\" id=\"\" target=\"_blank\" rel=\"noopener\">Complete 30-day detox<\/a><\/p>\n\n\n\n<p style=\"text-align: center\"><a href=\"https:\/\/shop.usana.com\/shop\/spring\/shopping\/productDetail?ProductID=251.020002#.XjBYkzJKjIW\" id=\"\" class=\"link1 gold\" target=\"_blank\" rel=\"noopener\">Reset to Zero (Reset) 5 days<\/a><\/p>\n\n\n\n<p style=\"text-align: center\"><a href=\"#\" id=\"\" class=\"link1 gold\">Prenatal &amp; Breastfeeding Program<\/a><\/p>\n<\/div><\/div><\/div>\n<\/div><\/div><\/div>\n\n\n\n<div style=\"padding-left:7%;padding-right:7%\" class=\"wp-block-genesis-blocks-gb-container service_row_4 gb-block-container alignfull\"><div class=\"gb-container-inside\"><div class=\"gb-container-content\" style=\"max-width:1330px\">\n<h2 style=\"margin-bottom: 50px;\" class=\"has-text-align-center text_blue\">All services<\/h2>\n<\/div><\/div><\/div>\n\n\n\n<div style=\"padding-left:7%;padding-right:7%;margin-top:5%\" class=\"wp-block-genesis-blocks-gb-container services_expandable_section service_row_5 gb-block-container alignfull\"><div class=\"gb-container-inside\"><div class=\"gb-container-content\" style=\"max-width:1330px\">\n<div class=\"wp-block-genesis-blocks-gb-container gb-block-container\"><div class=\"gb-container-inside\"><div class=\"gb-container-content\">\n<div class=\"service_expandable collapseomatic\" id=\"trigger1\"><h3>RELAXATION<\/h3> <img decoding=\"async\" class=\"plus_icon\" alt=\"RELAXATION\" src=\"https:\/\/www.myozen.ca\/wp-content\/uploads\/2020\/02\/Untitled-5-46.png\"><\/div>\n\n\n\n<figure id=\"target-trigger1\" class=\"text_gray collapseomatic_content wp-block-table collapseomatic_content\"><table class=\"\"><tbody><tr><td>Massage Su\u00e9dois (d\u00e9tente)<\/td><td>\/30 mins\/<\/td><td><a href=\"https:\/\/myozen.datedechoix.com\/main.php\" target=\"_blank\" rel=\"noopener\">Appointment<\/a><\/td><\/tr><tr><td>Massage Su\u00e9dois (d\u00e9tente)<\/td><td>\/60 mins\/<\/td><td><a href=\"https:\/\/myozen.datedechoix.com\/main.php\" target=\"_blank\" rel=\"noopener\">Appointment<\/a><\/td><\/tr><tr><td>Massage Su\u00e9dois (d\u00e9tente)<\/td><td>\/75 mins\/<\/td><td><a href=\"https:\/\/myozen.datedechoix.com\/main.php\" target=\"_blank\" rel=\"noopener\">Appointment<\/a><\/td><\/tr><tr><td>Massage Su\u00e9dois (d\u00e9tente)<\/td><td>\/90 mins\/<\/td><td><a href=\"https:\/\/myozen.datedechoix.com\/main.php\" target=\"_blank\" rel=\"noopener\">Appointment<\/a><\/td><\/tr><tr><td>Massage Su\u00e9dois (d\u00e9tente)<\/td><td>\/120 mins\/<\/td><td><a href=\"https:\/\/myozen.datedechoix.com\/main.php\" target=\"_blank\" rel=\"noopener\">Appointment<\/a><\/td><\/tr><tr><td>Massage Biocorporel<\/td><td>\/60 mins\/<\/td><td><a href=\"https:\/\/myozen.datedechoix.com\/main.php\" target=\"_blank\" rel=\"noopener\">Appointment<\/a><\/td><\/tr><tr><td>Massage Biocorporel<\/td><td>\/90 mins\/<\/td><td><a href=\"https:\/\/myozen.datedechoix.com\/main.php\" target=\"_blank\" rel=\"noopener\">Appointment<\/a><\/td><\/tr><\/tbody><\/table><\/figure>\n<\/div><\/div><\/div>\n\n\n\n<div class=\"wp-block-genesis-blocks-gb-container gb-block-container\"><div class=\"gb-container-inside\"><div class=\"gb-container-content\">\n<div class=\"service_expandable collapseomatic\" id=\"trigger2\"><h3>EXPERIMENTAL CARE<\/h3> <img decoding=\"async\" class=\"plus_icon\" alt=\"EXPERIMENTAL CARE\" src=\"https:\/\/www.myozen.ca\/wp-content\/uploads\/2020\/02\/Untitled-5-46.png\"><\/div>\n\n\n\n<figure class=\"text_gray wp-block-table collapseomatic_content\" id=\"target-trigger2\"><table class=\"\"><tbody><tr><td>Massage aux bambous<\/td><td>\/60 mins\/<\/td><td><a href=\"https:\/\/myozen.datedechoix.com\/main.php\" target=\"_blank\" rel=\"noopener\">Appointment<\/a><\/td><\/tr><tr><td>Massage aux bambous<\/td><td>\/90 mins\/<\/td><td><a href=\"https:\/\/myozen.datedechoix.com\/main.php\" target=\"_blank\" rel=\"noopener\">Appointment<\/a><\/td><\/tr><tr><td>Massage aux coquillages chauds<\/td><td>\/60 mins\/<\/td><td><a href=\"https:\/\/myozen.datedechoix.com\/main.php\" target=\"_blank\" rel=\"noopener\">Appointment<\/a><\/td><\/tr><tr><td>Massage aux coquillages chauds<\/td><td>\/90 mins\/<\/td><td><a href=\"https:\/\/myozen.datedechoix.com\/main.php\" target=\"_blank\" rel=\"noopener\">Appointment<\/a><\/td><\/tr><tr><td>Massage Hawaien (Lomi lomi)<\/td><td>\/60 mins\/<\/td><td><a href=\"https:\/\/myozen.datedechoix.com\/main.php\" target=\"_blank\" rel=\"noopener\">Appointment<\/a><\/td><\/tr><tr><td>Massage Hawaien (Lomi lomi)<\/td><td>\/90 mins\/<\/td><td><a href=\"https:\/\/myozen.datedechoix.com\/main.php\" target=\"_blank\" rel=\"noopener\">Appointment<\/a><\/td><\/tr><tr><td>Massage aux pierre chaudes<\/td><td>\/60 mins\/<\/td><td><a href=\"https:\/\/myozen.datedechoix.com\/main.php\" target=\"_blank\" rel=\"noopener\">Appointment<\/a><\/td><\/tr><tr><td>Massage aux pierre chaudes<\/td><td>\/90 mins\/<\/td><td><a href=\"https:\/\/myozen.datedechoix.com\/main.php\" target=\"_blank\" rel=\"noopener\">Appointment<\/a><\/td><\/tr><tr><td>R\u00e9flexologie<\/td><td>\/30 mins\/<\/td><td><a href=\"https:\/\/myozen.datedechoix.com\/main.php\" target=\"_blank\" rel=\"noopener\">Appointment<\/a><\/td><\/tr><tr><td>R\u00e9flexologie<\/td><td>\/60 mins\/<\/td><td><a href=\"https:\/\/myozen.datedechoix.com\/main.php\" target=\"_blank\" rel=\"noopener\">Appointment<\/a><\/td><\/tr><tr><td>Massage aux balles de sel Himalyen<\/td><td>\/60 mins\/<\/td><td><a href=\"https:\/\/myozen.datedechoix.com\/main.php\" target=\"_blank\" rel=\"noopener\">Appointment<\/a><\/td><\/tr><\/tbody><\/table><\/figure>\n<\/div><\/div><\/div>\n\n\n\n<div class=\"wp-block-genesis-blocks-gb-container gb-block-container\"><div class=\"gb-container-inside\"><div class=\"gb-container-content\">\n<!--<h3 class=\"collapseomatic service_expandable\" id=\"trigger3\">ELECTIVE PROGRAM <img decoding=\"async\" class=\"plus_icon\" alt=\"ELECTIVE PROGRAM\" src=\"https:\/\/www.myozen.ca\/wp-content\/uploads\/2020\/02\/Untitled-5-46.png\"><\/h3>\n\n\n\n<figure id=\"target-trigger3\" class=\"text_gray collapseomatic_content wp-block-table\"><table class=\"\"><tbody><tr><td>Choix 2 soins<\/td><td>\/60 mins\/<\/td><td><a href=\"https:\/\/myozen.datedechoix.com\/main.php\" target=\"_blank\" rel=\"noopener\">Appointment<\/a><\/td><\/tr><tr><td>Choix 3 soins<\/td><td>\/90 mins\/<\/td><td><a href=\"https:\/\/myozen.datedechoix.com\/main.php\" target=\"_blank\" rel=\"noopener\">Appointment<\/a><\/td><\/tr><tr><td>Pressoth\u00e9rapie 10 soins<\/td><td>\/30 mins\/<\/td><td><a href=\"https:\/\/myozen.datedechoix.com\/main.php\" target=\"_blank\" rel=\"noopener\">Appointment<\/a><\/td><\/tr><\/tbody><\/table><\/figure>\n<\/div><\/div><\/div>\n\n\n\n<div class=\"wp-block-genesis-blocks-gb-container gb-block-container\"><div class=\"gb-container-inside\"><div class=\"gb-container-content\">\n<h3 class=\"service_expandable collapseomatic\" id=\"trigger4\">ADDITIONAL PRODUCTS<img decoding=\"async\" class=\"plus_icon\" alt=\"ADDITIONAL PRODUCTS\" src=\"https:\/\/www.myozen.ca\/wp-content\/uploads\/2020\/02\/Untitled-5-46.png\"><\/h3>\n\n\n\n<figure id=\"target-trigger4\" class=\"text_gray wp-block-table collapseomatic_content\"><table class=\"\"><tbody><tr><td> Taping Neuro-proprioceptif <\/td><td><\/td><td><a href=\"https:\/\/myozen.datedechoix.com\/main.php\" target=\"_blank\" rel=\"noopener\">Appointment<\/a><\/td><\/tr><tr><td> Taping M\u00e9canique &amp; Athl\u00e9tique <\/td><td><\/td><td> \u00e0 venir <\/td><\/tr><tr><td>Cataplasme<\/td><td><\/td><td><a href=\"https:\/\/myozen.datedechoix.com\/main.php\" target=\"_blank\" rel=\"noopener\">Appointment<\/a><\/td><\/tr><\/tbody><\/table><\/figure>\n<\/div><\/div><\/div>\n\n\n\n<div class=\"wp-block-genesis-blocks-gb-container gb-block-container\"><div class=\"gb-container-inside\"><div class=\"gb-container-content\">\n<h3 class=\"wp-block-heading collapseomatic service_expandable\" id=\"trigger5\"> FAMILY\/MATERNITY  <img decoding=\"async\" class=\"plus_icon\" src=\"https:\/\/www.myozen.ca\/wp-content\/uploads\/2020\/02\/Untitled-5-46.png\"><\/h3>\n\n\n\n<figure id=\"target-trigger5\" class=\"text_gray collapseomatic_content wp-block-table\"><table class=\"\"><tbody><tr><td>Massage Pr\u00e9natal<\/td><td>\/60 mins\/<\/td><td><a href=\"https:\/\/myozen.datedechoix.com\/main.php\" target=\"_blank\" rel=\"noopener\">Appointment<\/a><\/td><\/tr><tr><td>Massage Pr\u00e9natal<\/td><td>\/90 mins\/<\/td><td><a href=\"https:\/\/myozen.datedechoix.com\/main.php\" target=\"_blank\" rel=\"noopener\">Appointment<\/a><\/td><\/tr><tr><td>Atelier massage b\u00e9b\u00e9 0-12 mois Priv\u00e9<\/td><td>5 s\u00e9ances<\/td><td><a href=\"https:\/\/myozen.datedechoix.com\/main.php\" target=\"_blank\" rel=\"noopener\">Appointment<\/a><\/td><\/tr><tr><td>Atelier massage b\u00e9b\u00e9 0-12 mois Groupe<\/td><td>5 s\u00e9ances<\/td><td><a href=\"https:\/\/myozen.datedechoix.com\/main.php\" target=\"_blank\" rel=\"noopener\">Appointment<\/a><\/td><\/tr><tr><td>Massage enfant et pr\u00e9scolaire<\/td><td>\/30 mins\/<\/td><td><a href=\"https:\/\/myozen.datedechoix.com\/main.php\" target=\"_blank\" rel=\"noopener\">Appointment<\/a><\/td><\/tr><\/tbody><\/table><\/figure>\n<\/div><\/div><\/div>\n\n\n\n<div class=\"wp-block-genesis-blocks-gb-container gb-block-container\"><div class=\"gb-container-inside\"><div class=\"gb-container-content\">\n<h3 class=\"wp-block-heading service_expandable collapseomatic\" id=\"trigger6\">ANTISTRESS <img decoding=\"async\" class=\"plus_icon\" src=\"https:\/\/www.myozen.ca\/wp-content\/uploads\/2020\/02\/Untitled-5-46.png\"><\/h3>\n\n\n\n<figure id=\"target-trigger6\" class=\"text_gray collapseomatic_content wp-block-table\"><table class=\"\"><tbody><tr><td>Coh\u00e9rence Cardiaque<\/td><td>\/30 mins\/<\/td><td><a href=\"https:\/\/myozen.datedechoix.com\/main.php\" target=\"_blank\" rel=\"noopener\">Appointment<\/a><\/td><\/tr><tr><td>Massage Viva (Antistress)<\/td><td>\/90 mins\/<\/td><td><a href=\"https:\/\/myozen.datedechoix.com\/main.php\" target=\"_blank\" rel=\"noopener\">Appointment<\/a><\/td><\/tr><tr><td>Massage Viva (Antistress)<\/td><td>\/120 mins\/<\/td><td><a href=\"https:\/\/myozen.datedechoix.com\/main.php\" target=\"_blank\" rel=\"noopener\">Appointment<\/a><\/td><\/tr><tr><td>Oscillation rythm\u00e9es<\/td><td>\/30 mins\/<\/td><td><a href=\"https:\/\/myozen.datedechoix.com\/main.php\" target=\"_blank\" rel=\"noopener\">Appointment<\/a><\/td><\/tr><tr><td>Oscillation rythm\u00e9es<\/td><td>\/60 mins\/<\/td><td><a href=\"https:\/\/myozen.datedechoix.com\/main.php\" target=\"_blank\" rel=\"noopener\">Appointment<\/a><\/td><\/tr><\/tbody><\/table><\/figure>\n<\/div><\/div><\/div>\n\n\n\n<div class=\"wp-block-genesis-blocks-gb-container service_expandable_last_container gb-block-container\"><div class=\"gb-container-inside\"><div class=\"gb-container-content\">\n<h3 class=\"wp-block-heading collapseomatic service_expandable\" id=\"trigger7\"> DETOXIFYING  <img decoding=\"async\" class=\"plus_icon\" src=\"https:\/\/www.myozen.ca\/wp-content\/uploads\/2020\/02\/Untitled-5-46.png\"><\/h3>\n\n\n\n<figure id=\"target-trigger7\" class=\"text_gray collapseomatic_content wp-block-table\"><table class=\"\"><tbody><tr><td>Traitement Cellulite<\/td><td>\/60 mins\/<\/td><td><a href=\"https:\/\/myozen.datedechoix.com\/main.php\" target=\"_blank\" rel=\"noopener\">Appointment<\/a><\/td><\/tr><tr><td>Traitement de d\u00e9congestion tissulaire<\/td><td>\/60 mins\/<\/td><td><a href=\"https:\/\/myozen.datedechoix.com\/main.php\" target=\"_blank\" rel=\"noopener\">Appointment<\/a><\/td><\/tr><tr><td>Drainage Lymphatique manuel (m\u00e9thode Leduc)<\/td><td>\/30 mins\/<\/td><td><a href=\"https:\/\/myozen.datedechoix.com\/main.php\" target=\"_blank\" rel=\"noopener\">Appointment<\/a><\/td><\/tr><tr><td>Drainage Lymphatique manuel (m\u00e9thode Leduc)<\/td><td>\/60 mins\/<\/td><td><a href=\"https:\/\/myozen.datedechoix.com\/main.php\" target=\"_blank\" rel=\"noopener\">Appointment<\/a><\/td><\/tr><tr><td>Drainage Lymphatique manuel (m\u00e9thode Leduc)<\/td><td>\/90 mins\/<\/td><td><a href=\"https:\/\/myozen.datedechoix.com\/main.php\" target=\"_blank\" rel=\"noopener\">Appointment<\/a><\/td><\/tr><tr><td>Pressoth\u00e9rapie<\/td><td>\/30 mins\/<\/td><td><a href=\"https:\/\/myozen.datedechoix.com\/main.php\" target=\"_blank\" rel=\"noopener\">Appointment<\/a><\/td><\/tr><tr><td>Pressoth\u00e9rapie 10 soins<\/td><td>\/30 mins\/<\/td><td><a href=\"https:\/\/myozen.datedechoix.com\/main.php\" target=\"_blank\" rel=\"noopener\">Appointment<\/a><\/td><\/tr><tr><td>Exfoliation<\/td><td><\/td><td>\u00e0 venir<\/td><\/tr><tr><td>Enveloppement corporel (Boue\/Algue)<\/td><td><\/td><td>\u00e0 venir<\/td><\/tr><\/tbody><\/table><\/figure>-->\n<\/div><\/div><\/div>\n\n\n\n<script>\n\nwindow.onload = function(){\n\n\n    function get_items(){\n    return document.getElementsByClassName('genesis-nav-menu')[0].children;\n    }\n    \n    var items = get_items();\n\nfor(var i = 0; i<items.length - 2; i+=2){\n  items[i].insertAdjacentHTML(\"afterend\", \"<i class='menu_circles fas fa-circle'><\/i>\");\n};\n\n\nvar headers = document.getElementsByClassName(\"service_expandable\");\n\n  var contract = function(i){\n    return function curried_func(e){\n      headers[i].getElementsByClassName(\"plus_icon\")[0].setAttribute(\"src\",\"https:\/\/www.myozen.ca\/wp-content\/uploads\/2020\/02\/Untitled-5-46.png\" );\n      headers[i].removeEventListener(\"click\", contract(i));\n      headers[i].addEventListener(\"click\", expand(i));\n    }\n  }\n\n  var expand = function(i){\n    return function curried_func(e){\n      headers[i].getElementsByClassName(\"plus_icon\")[0].setAttribute(\"src\",\"https:\/\/www.myozen.ca\/wp-content\/uploads\/2020\/02\/Untitled-5-46_les.png\" );\n      headers[i].removeEventListener(\"click\", expand(i));\n      headers[i].addEventListener(\"click\", contract(i));\n    }\n  }\n\n  \n  for(var i=0; i<headers.length; i++){\n    headers[i].addEventListener(\"click\", expand(i))\n  }\n\n}\n\n<\/script>\n\n<style>\n@media all and (max-width:600px){\n  .text_gray.wp-block-table{overflow-x:auto;width: 100%;}\n  .text_gray.wp-block-table table{border-collapse: collapse;width: 650px;}\n}\n<\/style>\n<\/div><\/div><\/div>\n\n\n\n<div style=\"padding-left:7%;padding-right:7%;margin-top:10%;margin-bottom:15%\" class=\"wp-block-genesis-blocks-gb-container services_slider service_row_6 gb-block-container alignfull\"><div class=\"gb-container-inside\"><div class=\"gb-container-content\" style=\"max-width:1250px\">\n<h2 class=\"wp-block-heading has-text-align-center text_blue\">Gallery<\/h2>\n\n\n\n<div style=\"color:#ddd\" class=\"wp-block-genesis-blocks-gb-spacer gb-block-spacer gb-divider-solid gb-divider-size-1\"><hr style=\"height:30px\"\/><\/div>\n\n\n<div class='white' style='background:rgba(0,0,0,0); border:solid 0px rgba(0,0,0,0); border-radius:0px; padding:20px 0px 0px 0px;'>\n<div id='slider_1311' class='owl-carousel sa_owl_theme ' data-slider-id='slider_1311' style='visibility:hidden;'>\n<div id='slider_1311_slide01' class='sa_hover_container' style='padding:5% 5%; margin:0px 3%; background-image:url(&quot;https:\/\/www.myozen.ca\/wp-content\/uploads\/2020\/01\/22-13.jpg&quot;); background-position:left top; background-size:cover; background-repeat:no-repeat; '><\/div>\n<div id='slider_1311_slide02' class='sa_hover_container' style='padding:5% 5%; margin:0px 3%; background-image:url(&quot;https:\/\/www.myozen.ca\/wp-content\/uploads\/2020\/01\/141-13.jpg&quot;); background-position:left top; background-size:cover; background-repeat:no-repeat; '><\/div>\n<div id='slider_1311_slide03' class='sa_hover_container' style='padding:5% 5%; margin:0px 3%; background-image:url(&quot;https:\/\/www.myozen.ca\/wp-content\/uploads\/2020\/01\/18-13.jpg&quot;); background-position:left top; background-size:cover; background-repeat:no-repeat; '><\/div>\n<div id='slider_1311_slide04' class='sa_hover_container' style='padding:5% 5%; margin:0px 3%; background-image:url(&quot;https:\/\/www.myozen.ca\/wp-content\/uploads\/2020\/01\/9-13.jpg&quot;); background-position:left top; background-size:cover; background-repeat:no-repeat; '><\/div>\n<div id='slider_1311_slide05' class='sa_hover_container' style='padding:5% 5%; margin:0px 3%; background-image:url(&quot;https:\/\/www.myozen.ca\/wp-content\/uploads\/2020\/01\/151-13.jpg&quot;); background-position:left top; background-size:cover; background-repeat:no-repeat; '><\/div>\n<div id='slider_1311_slide06' class='sa_hover_container' style='padding:5% 5%; margin:0px 3%; background-image:url(&quot;https:\/\/www.myozen.ca\/wp-content\/uploads\/2020\/01\/131-13.jpg&quot;); background-position:left top; background-size:cover; background-repeat:no-repeat; '><\/div>\n<div id='slider_1311_slide07' class='sa_hover_container' style='padding:5% 5%; margin:0px 3%; background-image:url(&quot;https:\/\/www.myozen.ca\/wp-content\/uploads\/2020\/01\/17-13.jpg&quot;); background-position:left top; background-size:cover; background-repeat:no-repeat; '><\/div>\n<div id='slider_1311_slide08' class='sa_hover_container' style='padding:5% 5%; margin:0px 3%; background-image:url(&quot;https:\/\/www.myozen.ca\/wp-content\/uploads\/2020\/01\/10-13.jpg&quot;); background-position:left top; background-size:cover; background-repeat:no-repeat; '><\/div>\n<\/div>\n<\/div>\n<script type='text\/javascript'>\n\tjQuery(document).ready(function() {\n\t\tjQuery('#slider_1311').owlCarousel({\n\t\t\tresponsive:{\n\t\t\t\t0:{ items:1 },\n\t\t\t\t480:{ items:2 },\n\t\t\t\t768:{ items:2 },\n\t\t\t\t980:{ items:4 },\n\t\t\t\t1200:{ items:4 },\n\t\t\t\t1500:{ items:5 }\n\t\t\t},\n\t\t\tautoplay : true,\n\t\t\tautoplayTimeout : 5000,\n\t\t\tautoplayHoverPause : true,\n\t\t\tsmartSpeed : 200,\n\t\t\tfluidSpeed : 200,\n\t\t\tautoplaySpeed : 200,\n\t\t\tnavSpeed : 200,\n\t\t\tdotsSpeed : 200,\n\t\t\tloop : true,\n\t\t\tnav : true,\n\t\t\tnavText : ['Previous','Next'],\n\t\t\tdots : false,\n\t\t\tresponsiveRefreshRate : 200,\n\t\t\tslideBy : 1,\n\t\t\tmergeFit : true,\n\t\t\tautoHeight : false,\n\t\t\tmouseDrag : false,\n\t\t\ttouchDrag : true\n\t\t});\n\t\tjQuery('#slider_1311').css('visibility', 'visible');\n\t\tsa_resize_slider_1311();\n\t\twindow.addEventListener('resize', sa_resize_slider_1311);\n\t\tfunction sa_resize_slider_1311() {\n\t\t\tvar min_height = '100';\n\t\t\tvar win_width = jQuery(window).width();\n\t\t\tvar slider_width = jQuery('#slider_1311').width();\n\t\t\tif (win_width < 480) {\n\t\t\t\tvar slide_width = slider_width \/ 1;\n\t\t\t} else if (win_width < 768) {\n\t\t\t\tvar slide_width = slider_width \/ 2;\n\t\t\t} else if (win_width < 980) {\n\t\t\t\tvar slide_width = slider_width \/ 2;\n\t\t\t} else if (win_width < 1200) {\n\t\t\t\tvar slide_width = slider_width \/ 4;\n\t\t\t} else if (win_width < 1500) {\n\t\t\t\tvar slide_width = slider_width \/ 4;\n\t\t\t} else {\n\t\t\t\tvar slide_width = slider_width \/ 5;\n\t\t\t}\n\t\t\tslide_width = Math.round(slide_width);\n\t\t\tvar slide_height = '0';\n\t\t\tif (min_height == 'aspect43') {\n\t\t\t\tslide_height = (slide_width \/ 4) * 3;\t\t\t\tslide_height = Math.round(slide_height);\n\t\t\t} else if (min_height == 'aspect169') {\n\t\t\t\tslide_height = (slide_width \/ 16) * 9;\t\t\t\tslide_height = Math.round(slide_height);\n\t\t\t} else {\n\t\t\t\tslide_height = (slide_width \/ 100) * min_height;\t\t\t\tslide_height = Math.round(slide_height);\n\t\t\t}\n\t\t\tjQuery('#slider_1311 .owl-item .sa_hover_container').css('min-height', slide_height+'px');\n\t\t}\n\t\tvar owl_goto = jQuery('#slider_1311');\n\t\tjQuery('.slider_1311_goto1').click(function(event){\n\t\t\towl_goto.trigger('to.owl.carousel', 0);\n\t\t});\n\t\tjQuery('.slider_1311_goto2').click(function(event){\n\t\t\towl_goto.trigger('to.owl.carousel', 1);\n\t\t});\n\t\tjQuery('.slider_1311_goto3').click(function(event){\n\t\t\towl_goto.trigger('to.owl.carousel', 2);\n\t\t});\n\t\tjQuery('.slider_1311_goto4').click(function(event){\n\t\t\towl_goto.trigger('to.owl.carousel', 3);\n\t\t});\n\t\tjQuery('.slider_1311_goto5').click(function(event){\n\t\t\towl_goto.trigger('to.owl.carousel', 4);\n\t\t});\n\t\tjQuery('.slider_1311_goto6').click(function(event){\n\t\t\towl_goto.trigger('to.owl.carousel', 5);\n\t\t});\n\t\tjQuery('.slider_1311_goto7').click(function(event){\n\t\t\towl_goto.trigger('to.owl.carousel', 6);\n\t\t});\n\t\tjQuery('.slider_1311_goto8').click(function(event){\n\t\t\towl_goto.trigger('to.owl.carousel', 7);\n\t\t});\n\t\tvar resize_1311 = jQuery('.owl-carousel');\n\t\tresize_1311.on('initialized.owl.carousel', function(e) {\n\t\t\tif (typeof(Event) === 'function') {\n\t\t\t\twindow.dispatchEvent(new Event('resize'));\n\t\t\t} else {\n\t\t\t\tvar evt = window.document.createEvent('UIEvents');\n\t\t\t\tevt.initUIEvent('resize', true, false, window, 0);\n\t\t\t\twindow.dispatchEvent(evt);\n\t\t\t}\n\t\t});\n\t});\n<\/script>\n\n<\/div><\/div><\/div>\n","protected":false},"excerpt":{"rendered":"","protected":false},"author":1,"featured_media":0,"parent":0,"menu_order":0,"comment_status":"closed","ping_status":"closed","template":"","meta":{"_genesis_hide_title":true,"_genesis_hide_breadcrumbs":false,"_genesis_hide_singular_image":false,"_genesis_hide_footer_widgets":false,"_genesis_custom_body_class":"body-center","_genesis_custom_post_class":"","_genesis_layout":"full-width-content","footnotes":""},"class_list":{"0":"post-5414","1":"page","2":"type-page","3":"status-publish","5":"entry"},"featured_image_src":null,"featured_image_src_square":null,"_links":{"self":[{"href":"https:\/\/www.myozen.ca\/en\/wp-json\/wp\/v2\/pages\/5414","targetHints":{"allow":["GET"]}}],"collection":[{"href":"https:\/\/www.myozen.ca\/en\/wp-json\/wp\/v2\/pages"}],"about":[{"href":"https:\/\/www.myozen.ca\/en\/wp-json\/wp\/v2\/types\/page"}],"author":[{"embeddable":true,"href":"https:\/\/www.myozen.ca\/en\/wp-json\/wp\/v2\/users\/1"}],"replies":[{"embeddable":true,"href":"https:\/\/www.myozen.ca\/en\/wp-json\/wp\/v2\/comments?post=5414"}],"version-history":[{"count":15,"href":"https:\/\/www.myozen.ca\/en\/wp-json\/wp\/v2\/pages\/5414\/revisions"}],"predecessor-version":[{"id":7643,"href":"https:\/\/www.myozen.ca\/en\/wp-json\/wp\/v2\/pages\/5414\/revisions\/7643"}],"wp:attachment":[{"href":"https:\/\/www.myozen.ca\/en\/wp-json\/wp\/v2\/media?parent=5414"}],"curies":[{"name":"wp","href":"https:\/\/api.w.org\/{rel}","templated":true}]}}